{"id":15238,"date":"2025-04-28T12:40:45","date_gmt":"2025-04-28T10:40:45","guid":{"rendered":"https:\/\/staging.urban-office.space\/kuenye\/"},"modified":"2025-05-13T10:46:27","modified_gmt":"2025-05-13T08:46:27","slug":"kuenye","status":"publish","type":"page","link":"https:\/\/urban-office.space\/tr\/kuenye\/","title":{"rendered":"K\u00fcnye"},"content":{"rendered":"<div class=\"fusion-fullwidth fullwidth-box fusion-builder-row-1 fusion-flex-container has-pattern-background has-mask-background nonhundred-percent-fullwidth non-hundred-percent-height-scrolling\" style=\"--awb-border-radius-top-left:0px;--awb-border-radius-top-right:0px;--awb-border-radius-bottom-right:0px;--awb-border-radius-bottom-left:0px;--awb-flex-wrap:wrap;\" ><div class=\"fusion-builder-row fusion-row fusion-flex-align-items-flex-start fusion-flex-justify-content-center fusion-flex-content-wrap\" style=\"max-width:1976px;margin-left: calc(-4% \/ 2 );margin-right: calc(-4% \/ 2 );\"><div class=\"fusion-layout-column fusion_builder_column fusion-builder-column-0 fusion_builder_column_2_3 2_3 fusion-flex-column\" style=\"--awb-bg-size:cover;--awb-width-large:66.6666666667%;--awb-margin-top-large:0px;--awb-spacing-right-large:2.88%;--awb-margin-bottom-large:0px;--awb-spacing-left-large:2.88%;--awb-width-medium:100%;--awb-order-medium:0;--awb-spacing-right-medium:1.92%;--awb-spacing-left-medium:1.92%;--awb-width-small:100%;--awb-order-small:0;--awb-spacing-right-small:1.92%;--awb-spacing-left-small:1.92%;\" data-scroll-devices=\"small-visibility,medium-visibility,large-visibility\"><div class=\"fusion-column-wrapper fusion-column-has-shadow fusion-flex-justify-content-flex-start fusion-content-layout-column\"><div class=\"fusion-text fusion-text-1\"><h2 class=\"fusion-responsive-typography-calculated\" style=\"--fontsize: 21; line-height: 1.29;\" data-fontsize=\"21\" data-lineheight=\"27.09px\">K\u00fcnye<\/h2>\n<p>Kentsel Ofis Alan\u0131 &#8211; en sevilen hizmet<\/p>\n<p>UOS GmbH<br \/>\nHauptstra\u00dfe 44<br \/>\n40789 Monheim am Rhein<\/p>\n<p>Telefon: <a href=\"tel:+492173999788\">+49 2173 9996788<\/a><br \/>\nE-posta: <a href=\"mailto:info@urban-office.space\">info@urban-office.space<\/a><\/p>\n<p><strong>Temsil eden:<\/strong><br \/>\nJulian Winkler, Tom Wiese<\/p>\n<p><strong>Sat\u0131\u015f vergisi kimli\u011fi: <\/strong><br \/>\n\u00a727a sat\u0131\u015f vergisi yasas\u0131na g\u00f6re sat\u0131\u015f vergisi kimlik numaras\u0131:<br \/>\n<span class=\"PSPDFKit-6um8mrhfmv4j3nvtw9x41bv9fb\" data-textline-id=\"28\" data-page-index=\"0\">DE362292862<\/span><\/p>\n<h2 class=\"fusion-responsive-typography-calculated\" style=\"--fontsize: 21; line-height: 1.29;\" data-fontsize=\"21\" data-lineheight=\"27.09px\">\u00c7evrimi\u00e7i Uyu\u015fmazl\u0131k \u00c7\u00f6z\u00fcm\u00fc Y\u00f6netmeli\u011fi uyar\u0131nca bildirim<\/h2>\n<p>Y\u00fcr\u00fcrl\u00fckteki yasalar uyar\u0131nca, t\u00fcketicileri, anla\u015fmazl\u0131klar\u0131 mahkemeye gitmek zorunda kalmadan \u00e7\u00f6zmek i\u00e7in kullan\u0131labilecek Avrupa \u00c7evrimi\u00e7i Anla\u015fmazl\u0131k \u00c7\u00f6z\u00fcm Platformu&#8217;nun varl\u0131\u011f\u0131 hakk\u0131nda bilgilendirmekle y\u00fck\u00fcml\u00fcy\u00fcz. Platformun kurulmas\u0131ndan Avrupa Komisyonu sorumludur. Avrupa \u00c7evrimi\u00e7i Uyu\u015fmazl\u0131k \u00c7\u00f6z\u00fcm Platformuna buradan ula\u015fabilirsiniz: <a href=\"https:\/\/ec.europa.eu\/odr\" target=\"_blank\" rel=\"nofollow noopener noreferrer\">https:\/\/ec.europa.eu\/odr<\/a>. E-posta adresimiz: <a href=\"mailto:info@urban-office.space\">info@urban-office.space<\/a>   <\/p>\n<p>Ancak, Avrupa \u00c7evrimi\u00e7i Uyu\u015fmazl\u0131k \u00c7\u00f6z\u00fcm Platformu \u00e7er\u00e7evesinde uyu\u015fmazl\u0131k \u00e7\u00f6z\u00fcm prosed\u00fcr\u00fcne kat\u0131lmaya haz\u0131r olmad\u0131\u011f\u0131m\u0131z\u0131 belirtmek isteriz. Bizimle ileti\u015fime ge\u00e7mek i\u00e7in l\u00fctfen yukar\u0131daki e-posta adresimizi ve telefon numaram\u0131z\u0131 kullan\u0131n. <\/p>\n<h2 class=\"fusion-responsive-typography-calculated\" style=\"--fontsize: 21; line-height: 1.29;\" data-fontsize=\"21\" data-lineheight=\"27.09px\">Alman T\u00fcketici Anla\u015fmazl\u0131klar\u0131n\u0131n \u00c7\u00f6z\u00fcm\u00fc Yasas\u0131 (VSBG) uyar\u0131nca bildirim<\/h2>\n<p>Bir t\u00fcketici hakem heyeti nezdindeki uyu\u015fmazl\u0131k \u00e7\u00f6z\u00fcm i\u015flemlerine kat\u0131lmaya istekli veya y\u00fck\u00fcml\u00fc de\u011filiz.<\/p>\n<h2 class=\"fusion-responsive-typography-calculated\" style=\"--fontsize: 21; line-height: 1.29;\" data-fontsize=\"21\" data-lineheight=\"27.09px\">Sorumluluk reddi &#8211; yasal bilgiler<\/h2>\n<p>\u00a7 1 \u0130\u00e7erikle ilgili uyar\u0131<br \/>\nBu web sitesinin \u00fccretsiz ve serbest\u00e7e eri\u015filebilen i\u00e7eri\u011fi m\u00fcmk\u00fcn olan en b\u00fcy\u00fck \u00f6zenle olu\u015fturulmu\u015ftur. Bununla birlikte, bu web sitesinin sa\u011flay\u0131c\u0131s\u0131, sa\u011flanan \u00fccretsiz ve serbest\u00e7e eri\u015filebilen gazetecilik rehberlerinin ve haberlerin do\u011frulu\u011fu ve g\u00fcncelli\u011fi konusunda hi\u00e7bir sorumluluk kabul etmez. \u0130simle etiketlenen katk\u0131lar, her zaman sa\u011flay\u0131c\u0131n\u0131n g\u00f6r\u00fc\u015f\u00fcn\u00fc de\u011fil, ilgili yazar\u0131n g\u00f6r\u00fc\u015f\u00fcn\u00fc yans\u0131t\u0131r. Kullan\u0131c\u0131 ve sa\u011flay\u0131c\u0131 aras\u0131nda sadece \u00fccretsiz ve serbest\u00e7e eri\u015filebilen i\u00e7eri\u011fe eri\u015ferek hi\u00e7bir s\u00f6zle\u015fme ili\u015fkisi kurulmaz; bu ba\u011flamda, sa\u011flay\u0131c\u0131n\u0131n yasal olarak ba\u011flanma niyeti yoktur.   <\/p>\n<p>\u00a7 2 D\u0131\u015f ba\u011flant\u0131lar<br \/>\nBu web sitesi \u00fc\u00e7\u00fcnc\u00fc taraf web sitelerine ba\u011flant\u0131lar (&#8220;d\u0131\u015f ba\u011flant\u0131lar&#8221;) i\u00e7erir. Bu web siteleri ilgili operat\u00f6rlerin sorumlulu\u011funa tabidir. Harici ba\u011flant\u0131lar ilk olu\u015fturuldu\u011funda, sa\u011flay\u0131c\u0131 \u00fc\u00e7\u00fcnc\u00fc taraf i\u00e7eri\u011fini herhangi bir yasal ihlal a\u00e7\u0131s\u0131ndan kontrol etmi\u015ftir. O s\u0131rada hi\u00e7bir yasal su\u00e7 g\u00f6r\u00fclmemi\u015ftir. Sa\u011flay\u0131c\u0131n\u0131n, ba\u011flant\u0131l\u0131 sayfalar\u0131n mevcut ve gelecekteki tasar\u0131m\u0131 ve i\u00e7eri\u011fi \u00fczerinde hi\u00e7bir etkisi yoktur. Harici ba\u011flant\u0131lar\u0131n dahil edilmesi, sa\u011flay\u0131c\u0131n\u0131n referans\u0131n veya ba\u011flant\u0131n\u0131n arkas\u0131ndaki i\u00e7eri\u011fi kendi i\u00e7eri\u011fi olarak benimsedi\u011fi anlam\u0131na gelmez. Sa\u011flay\u0131c\u0131n\u0131n, yasal ihlallere ili\u015fkin somut kan\u0131tlar olmadan harici ba\u011flant\u0131lar\u0131 s\u00fcrekli olarak izlemesi makul olarak beklenemez. Bununla birlikte, herhangi bir yasal ihlalin fark\u0131na var\u0131rsak, bu t\u00fcr harici ba\u011flant\u0131lar derhal silinecektir.       <\/p>\n<p>\u00a7 3 Telif hakk\u0131 ve yan telif haklar\u0131<br \/>\nBu web sitesinde yay\u0131nlanan i\u00e7erik Alman telif hakk\u0131 ve yan telif hakk\u0131 yasas\u0131na tabidir. Alman telif hakk\u0131 ve yan telif hakk\u0131 yasas\u0131 taraf\u0131ndan izin verilmeyen her t\u00fcrl\u00fc kullan\u0131m, sa\u011flay\u0131c\u0131n\u0131n veya ilgili hak sahibinin \u00f6nceden yaz\u0131l\u0131 onay\u0131n\u0131 gerektirir. Bu \u00f6zellikle i\u00e7eri\u011fin veri tabanlar\u0131nda veya di\u011fer elektronik ortam ve sistemlerde \u00e7o\u011falt\u0131lmas\u0131, d\u00fczenlenmesi, terc\u00fcme edilmesi, depolanmas\u0131, i\u015flenmesi veya \u00e7o\u011falt\u0131lmas\u0131 i\u00e7in ge\u00e7erlidir. \u00dc\u00e7\u00fcnc\u00fc taraf i\u00e7eri\u011fi ve haklar\u0131 bu \u015fekilde etiketlenir. M\u00fcnferit i\u00e7eriklerin veya t\u00fcm sayfalar\u0131n izinsiz \u00e7o\u011falt\u0131lmas\u0131 veya da\u011f\u0131t\u0131lmas\u0131na izin verilmez ve kanunen cezaland\u0131r\u0131l\u0131r. Yaln\u0131zca ki\u015fisel, \u00f6zel ve ticari olmayan kullan\u0131m i\u00e7in kopyalar\u0131n \u00fcretilmesine ve indirilmesine izin verilir.     <\/p>\n<p>Bu web sitesinin harici \u00e7er\u00e7eveler i\u00e7inde sunulmas\u0131na yaln\u0131zca yaz\u0131l\u0131 izinle izin verilir.<\/p>\n<p>\u00a7 4 \u00d6zel kullan\u0131m ko\u015fullar\u0131<br \/>\nBu web sitesinin m\u00fcnferit kullan\u0131mlar\u0131na ili\u015fkin \u00f6zel ko\u015fullar\u0131n yukar\u0131da belirtilen paragraflardan farkl\u0131 olmas\u0131 halinde, bu durum ilgili noktada a\u00e7\u0131k\u00e7a belirtilecektir. Bu durumda, \u00f6zel kullan\u0131m ko\u015fullar\u0131 her bir durum i\u00e7in ge\u00e7erlidir. <\/p>\n<p>Kaynak: <a href=\"https:\/\/www.juraforum.de\/impressum-generator\/\">JuraForum.de&#8217;den k\u00fcnye olu\u015fturucu<\/a><\/p>\n<\/div><\/div><\/div><\/div><\/div>\n","protected":false},"excerpt":{"rendered":"","protected":false},"author":9,"featured_media":0,"parent":0,"menu_order":1000,"comment_status":"closed","ping_status":"closed","template":"","meta":{"footnotes":""},"class_list":["post-15238","page","type-page","status-publish","hentry"],"_links":{"self":[{"href":"https:\/\/urban-office.space\/tr\/wp-json\/wp\/v2\/pages\/15238","targetHints":{"allow":["GET"]}}],"collection":[{"href":"https:\/\/urban-office.space\/tr\/wp-json\/wp\/v2\/pages"}],"about":[{"href":"https:\/\/urban-office.space\/tr\/wp-json\/wp\/v2\/types\/page"}],"author":[{"embeddable":true,"href":"https:\/\/urban-office.space\/tr\/wp-json\/wp\/v2\/users\/9"}],"replies":[{"embeddable":true,"href":"https:\/\/urban-office.space\/tr\/wp-json\/wp\/v2\/comments?post=15238"}],"version-history":[{"count":8,"href":"https:\/\/urban-office.space\/tr\/wp-json\/wp\/v2\/pages\/15238\/revisions"}],"predecessor-version":[{"id":15257,"href":"https:\/\/urban-office.space\/tr\/wp-json\/wp\/v2\/pages\/15238\/revisions\/15257"}],"wp:attachment":[{"href":"https:\/\/urban-office.space\/tr\/wp-json\/wp\/v2\/media?parent=15238"}],"curies":[{"name":"wp","href":"https:\/\/api.w.org\/{rel}","templated":true}]}}